{"id":41,"date":"2024-01-26T14:56:51","date_gmt":"2024-01-26T14:56:51","guid":{"rendered":"https:\/\/heavensflowers.fr\/?page_id=41"},"modified":"2024-03-13T10:52:20","modified_gmt":"2024-03-13T10:52:20","slug":"qui-sommes-nous","status":"publish","type":"page","link":"https:\/\/heavensflowers.fr\/?page_id=41","title":{"rendered":"Qui-sommes-nous ?"},"content":{"rendered":"\n<div class=\"wp-block-group alignfull has-global-padding is-layout-constrained wp-block-group-is-layout-constrained\">\n<div class=\"wp-block-cover alignfull\" style=\"padding-top:var(--wp--preset--spacing--30);padding-right:var(--wp--preset--spacing--30);padding-bottom:var(--wp--preset--spacing--30);padding-left:var(--wp--preset--spacing--30);min-height:50px;aspect-ratio:unset;\"><span aria-hidden=\"true\" class=\"wp-block-cover__background has-black-background-color has-background-dim\"><\/span><img loading=\"lazy\" decoding=\"async\" width=\"2560\" height=\"2560\" class=\"wp-block-cover__image-background wp-image-29\" alt=\"\" src=\"https:\/\/heavensflowers.fr\/wp-content\/uploads\/2024\/01\/25CA5280-4898-4087-879E-E3D3AD3E50FF-scaled.jpg\" style=\"object-position:81% 50%\" data-object-fit=\"cover\" data-object-position=\"81% 50%\" srcset=\"https:\/\/heavensflowers.fr\/wp-content\/uploads\/2024\/01\/25CA5280-4898-4087-879E-E3D3AD3E50FF-scaled.jpg 2560w, https:\/\/heavensflowers.fr\/wp-content\/uploads\/2024\/01\/25CA5280-4898-4087-879E-E3D3AD3E50FF-300x300.jpg 300w, https:\/\/heavensflowers.fr\/wp-content\/uploads\/2024\/01\/25CA5280-4898-4087-879E-E3D3AD3E50FF-1024x1024.jpg 1024w, https:\/\/heavensflowers.fr\/wp-content\/uploads\/2024\/01\/25CA5280-4898-4087-879E-E3D3AD3E50FF-150x150.jpg 150w, https:\/\/heavensflowers.fr\/wp-content\/uploads\/2024\/01\/25CA5280-4898-4087-879E-E3D3AD3E50FF-768x768.jpg 768w, https:\/\/heavensflowers.fr\/wp-content\/uploads\/2024\/01\/25CA5280-4898-4087-879E-E3D3AD3E50FF-1536x1536.jpg 1536w, https:\/\/heavensflowers.fr\/wp-content\/uploads\/2024\/01\/25CA5280-4898-4087-879E-E3D3AD3E50FF-2048x2048.jpg 2048w\" sizes=\"auto, (max-width: 2560px) 100vw, 2560px\" \/><div class=\"wp-block-cover__inner-container is-layout-flow wp-block-cover-is-layout-flow\">\n<p class=\"animated backInLeft has-medium-font-size\">Meilleures amies et passionn\u00e9es de d\u00e9corations florales, nous voulions cr\u00e9er un Fleuriste plus moderne et simplifi\u00e9 pour notre client\u00e8le. <br>Nous r\u00e9pondons \u00e0 vos demandes, discutons avec vous. Vous \u00eates inform\u00e9 \u00e0 chaque \u00e9tapes cruciales de la r\u00e9alisation, et lorsque le livraison est effectu\u00e9e sans avoir eu le besoin de vous d\u00e9placer. <br>C&rsquo;est ainsi que notre slogan reprend les valeurs de notre studio floral \u00ab\u00a0Nul besoin de vous d\u00e9placer, nous venons \u00e0 vous\u00a0\u00bb. <br>Nous privil\u00e9gions les fleurs de saison et de notre r\u00e9gion, mais nous utilisons aussi des fleurs internationales pour des projets plus ambitieux. <br>D\u00e9couvrez notre univers bucolique ! <\/p>\n\n\n\n<div id=\"wp-block-themeisle-blocks-advanced-columns-2f3753f8\" class=\"wp-block-themeisle-blocks-advanced-columns has-2-columns has-desktop-twoOne-layout has-tablet-equal-layout has-mobile-collapsedRows-layout has-vertical-unset\"><div class=\"wp-block-themeisle-blocks-advanced-columns-overlay\"><\/div><div class=\"innerblocks-wrap\">\n<div id=\"wp-block-themeisle-blocks-advanced-column-34cbbb18\" class=\"wp-block-themeisle-blocks-advanced-column\">\n<p class=\"animated backInRight\"><br>Fleuriste depuis 2014, Camille est la cr\u00e9atrice, avec elle vous pourrez r\u00e9aliser vos r\u00eaves de fleurs les plus fous. Des chapeaux de pailles agr\u00e9ment\u00e9s de limoniums ? Pas de probl\u00e8me. Des couronnes de freesias ? Sans soucis. Sans oublier les grands classiques tels que les bouquets de roses, bouquets tropicaux et proven\u00e7aux.<\/p>\n\n\n\n<p class=\"animated backInRight\">Travaillant dans l\u2019\u00e9v\u00e9nementiel et le spectacle depuis plusieurs ann\u00e9es, Charlotte s\u2019occupe de toute l\u2019organisation de vos commandes, elle sera votre premier contact pour fixer les rendez-vous et\/ou prendre votre commande vous proposera toutes les options possibles selon vos envies.<\/p>\n<\/div>\n\n\n\n<div id=\"wp-block-themeisle-blocks-advanced-column-9e565cbb\" class=\"wp-block-themeisle-blocks-advanced-column\">\n<figure class=\"wp-block-image size-large animated backInDown\"><img loading=\"lazy\" decoding=\"async\" width=\"1010\" height=\"1024\" src=\"https:\/\/heavensflowers.fr\/wp-content\/uploads\/2024\/01\/IMG_8655-1010x1024.jpg\" alt=\"\" class=\"wp-image-54\" srcset=\"https:\/\/heavensflowers.fr\/wp-content\/uploads\/2024\/01\/IMG_8655-1010x1024.jpg 1010w, https:\/\/heavensflowers.fr\/wp-content\/uploads\/2024\/01\/IMG_8655-296x300.jpg 296w, https:\/\/heavensflowers.fr\/wp-content\/uploads\/2024\/01\/IMG_8655-768x779.jpg 768w, https:\/\/heavensflowers.fr\/wp-content\/uploads\/2024\/01\/IMG_8655.jpg 1170w\" sizes=\"auto, (max-width: 1010px) 100vw, 1010px\" \/><figcaption class=\"wp-element-caption\">                                   Camille &amp; Charlotte<\/figcaption><\/figure>\n<\/div>\n<\/div><\/div>\n\n\n\n<p class=\"has-medium-font-size\"><br><\/p>\n\n\n\n<div style=\"height:33vw\" aria-hidden=\"true\" class=\"wp-block-spacer\"><\/div>\n<\/div><\/div>\n<\/div>\n","protected":false},"excerpt":{"rendered":"","protected":false},"author":1,"featured_media":0,"parent":0,"menu_order":0,"comment_status":"closed","ping_status":"closed","template":"","meta":{"_themeisle_gutenberg_block_has_review":false,"footnotes":""},"class_list":["post-41","page","type-page","status-publish","hentry"],"yoast_head":"<!-- This site is optimized with the Yoast SEO plugin v25.4 - https:\/\/yoast.com\/wordpress\/plugins\/seo\/ -->\n<title>Qui-sommes-nous ? - Heaven&#039;s Flowers<\/title>\n<meta name=\"description\" content=\"D\u00e9couvrez qui se cache derri\u00e8re Heaven&#039;s Flowers le tout nouveau fleuriste \u00e9v\u00e8nementiel dans le Golfe de Saint-Tropez.\" \/>\n<meta name=\"robots\" content=\"index, follow, max-snippet:-1, max-image-preview:large, max-video-preview:-1\" \/>\n<link rel=\"canonical\" href=\"https:\/\/heavensflowers.fr\/?page_id=41\" \/>\n<meta property=\"og:locale\" content=\"fr_FR\" \/>\n<meta property=\"og:type\" content=\"article\" \/>\n<meta property=\"og:title\" content=\"Qui-sommes-nous ? - Heaven&#039;s Flowers\" \/>\n<meta property=\"og:description\" content=\"D\u00e9couvrez qui se cache derri\u00e8re Heaven&#039;s Flowers le tout nouveau fleuriste \u00e9v\u00e8nementiel dans le Golfe de Saint-Tropez.\" \/>\n<meta property=\"og:url\" content=\"https:\/\/heavensflowers.fr\/?page_id=41\" \/>\n<meta property=\"og:site_name\" content=\"Heaven&#039;s Flowers\" \/>\n<meta property=\"article:modified_time\" content=\"2024-03-13T10:52:20+00:00\" \/>\n<meta property=\"og:image\" content=\"https:\/\/heavensflowers.fr\/wp-content\/uploads\/2024\/01\/25CA5280-4898-4087-879E-E3D3AD3E50FF-scaled.jpg\" \/>\n<meta name=\"twitter:card\" content=\"summary_large_image\" \/>\n<meta name=\"twitter:label1\" content=\"Dur\u00e9e de lecture estim\u00e9e\" \/>\n\t<meta name=\"twitter:data1\" content=\"2 minutes\" \/>\n<script type=\"application\/ld+json\" class=\"yoast-schema-graph\">{\"@context\":\"https:\/\/schema.org\",\"@graph\":[{\"@type\":\"WebPage\",\"@id\":\"https:\/\/heavensflowers.fr\/?page_id=41\",\"url\":\"https:\/\/heavensflowers.fr\/?page_id=41\",\"name\":\"Qui-sommes-nous ? - Heaven&#039;s Flowers\",\"isPartOf\":{\"@id\":\"https:\/\/heavensflowers.fr\/#website\"},\"primaryImageOfPage\":{\"@id\":\"https:\/\/heavensflowers.fr\/?page_id=41#primaryimage\"},\"image\":{\"@id\":\"https:\/\/heavensflowers.fr\/?page_id=41#primaryimage\"},\"thumbnailUrl\":\"https:\/\/heavensflowers.fr\/wp-content\/uploads\/2024\/01\/25CA5280-4898-4087-879E-E3D3AD3E50FF-scaled.jpg\",\"datePublished\":\"2024-01-26T14:56:51+00:00\",\"dateModified\":\"2024-03-13T10:52:20+00:00\",\"description\":\"D\u00e9couvrez qui se cache derri\u00e8re Heaven's Flowers le tout nouveau fleuriste \u00e9v\u00e8nementiel dans le Golfe de Saint-Tropez.\",\"breadcrumb\":{\"@id\":\"https:\/\/heavensflowers.fr\/?page_id=41#breadcrumb\"},\"inLanguage\":\"fr-FR\",\"potentialAction\":[{\"@type\":\"ReadAction\",\"target\":[\"https:\/\/heavensflowers.fr\/?page_id=41\"]}]},{\"@type\":\"ImageObject\",\"inLanguage\":\"fr-FR\",\"@id\":\"https:\/\/heavensflowers.fr\/?page_id=41#primaryimage\",\"url\":\"https:\/\/heavensflowers.fr\/wp-content\/uploads\/2024\/01\/25CA5280-4898-4087-879E-E3D3AD3E50FF-scaled.jpg\",\"contentUrl\":\"https:\/\/heavensflowers.fr\/wp-content\/uploads\/2024\/01\/25CA5280-4898-4087-879E-E3D3AD3E50FF-scaled.jpg\",\"width\":2560,\"height\":2560,\"caption\":\"Bouquet Champ\u00eatre de Gerberas et Menthe\"},{\"@type\":\"BreadcrumbList\",\"@id\":\"https:\/\/heavensflowers.fr\/?page_id=41#breadcrumb\",\"itemListElement\":[{\"@type\":\"ListItem\",\"position\":1,\"name\":\"Accueil\",\"item\":\"https:\/\/heavensflowers.fr\/\"},{\"@type\":\"ListItem\",\"position\":2,\"name\":\"Qui-sommes-nous ?\"}]},{\"@type\":\"WebSite\",\"@id\":\"https:\/\/heavensflowers.fr\/#website\",\"url\":\"https:\/\/heavensflowers.fr\/\",\"name\":\"Heaven&#039;s Flowers\",\"description\":\"Nul besoin de vous d\u00e9placer nos venons \u00e0 vous. \",\"publisher\":{\"@id\":\"https:\/\/heavensflowers.fr\/#organization\"},\"potentialAction\":[{\"@type\":\"SearchAction\",\"target\":{\"@type\":\"EntryPoint\",\"urlTemplate\":\"https:\/\/heavensflowers.fr\/?s={search_term_string}\"},\"query-input\":{\"@type\":\"PropertyValueSpecification\",\"valueRequired\":true,\"valueName\":\"search_term_string\"}}],\"inLanguage\":\"fr-FR\"},{\"@type\":\"Organization\",\"@id\":\"https:\/\/heavensflowers.fr\/#organization\",\"name\":\"Heaven&#039;s Flowers\",\"url\":\"https:\/\/heavensflowers.fr\/\",\"logo\":{\"@type\":\"ImageObject\",\"inLanguage\":\"fr-FR\",\"@id\":\"https:\/\/heavensflowers.fr\/#\/schema\/logo\/image\/\",\"url\":\"https:\/\/heavensflowers.fr\/wp-content\/uploads\/2024\/01\/220952A0-38B2-4B8B-A450-EC442EFF3E91.jpg\",\"contentUrl\":\"https:\/\/heavensflowers.fr\/wp-content\/uploads\/2024\/01\/220952A0-38B2-4B8B-A450-EC442EFF3E91.jpg\",\"width\":1170,\"height\":1166,\"caption\":\"Heaven&#039;s Flowers\"},\"image\":{\"@id\":\"https:\/\/heavensflowers.fr\/#\/schema\/logo\/image\/\"}}]}<\/script>\n<!-- \/ Yoast SEO plugin. -->","yoast_head_json":{"title":"Qui-sommes-nous ? - Heaven&#039;s Flowers","description":"D\u00e9couvrez qui se cache derri\u00e8re Heaven's Flowers le tout nouveau fleuriste \u00e9v\u00e8nementiel dans le Golfe de Saint-Tropez.","robots":{"index":"index","follow":"follow","max-snippet":"max-snippet:-1","max-image-preview":"max-image-preview:large","max-video-preview":"max-video-preview:-1"},"canonical":"https:\/\/heavensflowers.fr\/?page_id=41","og_locale":"fr_FR","og_type":"article","og_title":"Qui-sommes-nous ? - Heaven&#039;s Flowers","og_description":"D\u00e9couvrez qui se cache derri\u00e8re Heaven's Flowers le tout nouveau fleuriste \u00e9v\u00e8nementiel dans le Golfe de Saint-Tropez.","og_url":"https:\/\/heavensflowers.fr\/?page_id=41","og_site_name":"Heaven&#039;s Flowers","article_modified_time":"2024-03-13T10:52:20+00:00","og_image":[{"url":"https:\/\/heavensflowers.fr\/wp-content\/uploads\/2024\/01\/25CA5280-4898-4087-879E-E3D3AD3E50FF-scaled.jpg","type":"","width":"","height":""}],"twitter_card":"summary_large_image","twitter_misc":{"Dur\u00e9e de lecture estim\u00e9e":"2 minutes"},"schema":{"@context":"https:\/\/schema.org","@graph":[{"@type":"WebPage","@id":"https:\/\/heavensflowers.fr\/?page_id=41","url":"https:\/\/heavensflowers.fr\/?page_id=41","name":"Qui-sommes-nous ? - Heaven&#039;s Flowers","isPartOf":{"@id":"https:\/\/heavensflowers.fr\/#website"},"primaryImageOfPage":{"@id":"https:\/\/heavensflowers.fr\/?page_id=41#primaryimage"},"image":{"@id":"https:\/\/heavensflowers.fr\/?page_id=41#primaryimage"},"thumbnailUrl":"https:\/\/heavensflowers.fr\/wp-content\/uploads\/2024\/01\/25CA5280-4898-4087-879E-E3D3AD3E50FF-scaled.jpg","datePublished":"2024-01-26T14:56:51+00:00","dateModified":"2024-03-13T10:52:20+00:00","description":"D\u00e9couvrez qui se cache derri\u00e8re Heaven's Flowers le tout nouveau fleuriste \u00e9v\u00e8nementiel dans le Golfe de Saint-Tropez.","breadcrumb":{"@id":"https:\/\/heavensflowers.fr\/?page_id=41#breadcrumb"},"inLanguage":"fr-FR","potentialAction":[{"@type":"ReadAction","target":["https:\/\/heavensflowers.fr\/?page_id=41"]}]},{"@type":"ImageObject","inLanguage":"fr-FR","@id":"https:\/\/heavensflowers.fr\/?page_id=41#primaryimage","url":"https:\/\/heavensflowers.fr\/wp-content\/uploads\/2024\/01\/25CA5280-4898-4087-879E-E3D3AD3E50FF-scaled.jpg","contentUrl":"https:\/\/heavensflowers.fr\/wp-content\/uploads\/2024\/01\/25CA5280-4898-4087-879E-E3D3AD3E50FF-scaled.jpg","width":2560,"height":2560,"caption":"Bouquet Champ\u00eatre de Gerberas et Menthe"},{"@type":"BreadcrumbList","@id":"https:\/\/heavensflowers.fr\/?page_id=41#breadcrumb","itemListElement":[{"@type":"ListItem","position":1,"name":"Accueil","item":"https:\/\/heavensflowers.fr\/"},{"@type":"ListItem","position":2,"name":"Qui-sommes-nous ?"}]},{"@type":"WebSite","@id":"https:\/\/heavensflowers.fr\/#website","url":"https:\/\/heavensflowers.fr\/","name":"Heaven&#039;s Flowers","description":"Nul besoin de vous d\u00e9placer nos venons \u00e0 vous. ","publisher":{"@id":"https:\/\/heavensflowers.fr\/#organization"},"potentialAction":[{"@type":"SearchAction","target":{"@type":"EntryPoint","urlTemplate":"https:\/\/heavensflowers.fr\/?s={search_term_string}"},"query-input":{"@type":"PropertyValueSpecification","valueRequired":true,"valueName":"search_term_string"}}],"inLanguage":"fr-FR"},{"@type":"Organization","@id":"https:\/\/heavensflowers.fr\/#organization","name":"Heaven&#039;s Flowers","url":"https:\/\/heavensflowers.fr\/","logo":{"@type":"ImageObject","inLanguage":"fr-FR","@id":"https:\/\/heavensflowers.fr\/#\/schema\/logo\/image\/","url":"https:\/\/heavensflowers.fr\/wp-content\/uploads\/2024\/01\/220952A0-38B2-4B8B-A450-EC442EFF3E91.jpg","contentUrl":"https:\/\/heavensflowers.fr\/wp-content\/uploads\/2024\/01\/220952A0-38B2-4B8B-A450-EC442EFF3E91.jpg","width":1170,"height":1166,"caption":"Heaven&#039;s Flowers"},"image":{"@id":"https:\/\/heavensflowers.fr\/#\/schema\/logo\/image\/"}}]}},"_links":{"self":[{"href":"https:\/\/heavensflowers.fr\/index.php?rest_route=\/wp\/v2\/pages\/41","targetHints":{"allow":["GET"]}}],"collection":[{"href":"https:\/\/heavensflowers.fr\/index.php?rest_route=\/wp\/v2\/pages"}],"about":[{"href":"https:\/\/heavensflowers.fr\/index.php?rest_route=\/wp\/v2\/types\/page"}],"author":[{"embeddable":true,"href":"https:\/\/heavensflowers.fr\/index.php?rest_route=\/wp\/v2\/users\/1"}],"replies":[{"embeddable":true,"href":"https:\/\/heavensflowers.fr\/index.php?rest_route=%2Fwp%2Fv2%2Fcomments&post=41"}],"version-history":[{"count":6,"href":"https:\/\/heavensflowers.fr\/index.php?rest_route=\/wp\/v2\/pages\/41\/revisions"}],"predecessor-version":[{"id":61,"href":"https:\/\/heavensflowers.fr\/index.php?rest_route=\/wp\/v2\/pages\/41\/revisions\/61"}],"wp:attachment":[{"href":"https:\/\/heavensflowers.fr\/index.php?rest_route=%2Fwp%2Fv2%2Fmedia&parent=41"}],"curies":[{"name":"wp","href":"https:\/\/api.w.org\/{rel}","templated":true}]}}