{"id":82,"date":"2024-01-28T15:25:50","date_gmt":"2024-01-28T15:25:50","guid":{"rendered":"https:\/\/heavensflowers.fr\/?page_id=82"},"modified":"2024-03-13T10:56:19","modified_gmt":"2024-03-13T10:56:19","slug":"contactez-nous","status":"publish","type":"page","link":"https:\/\/heavensflowers.fr\/?page_id=82","title":{"rendered":"Contactez-nous"},"content":{"rendered":"\n<p class=\"animated backInDown\">Vous souhaitez effectuer une commande ou avoir une proposition budg\u00e9taire pour votre \u00e9v\u00e8nement ? <br>N&rsquo;h\u00e9sitez pas \u00e0 nous contacter par mail : <\/p>\n\n\n\n<p class=\"animated backInLeft has-medium-font-size\">heavensflowers@outlook.fr <br><br>Ou sur nos r\u00e9seaux sociaux : <\/p>\n\n\n\n<ul class=\"wp-block-social-links has-large-icon-size has-icon-color has-icon-background-color animated backInLeft is-layout-flex wp-block-social-links-is-layout-flex\"><li style=\"color:#ffd900;background-color:#60eadc;\" class=\"wp-social-link wp-social-link-instagram has-custom-jaune-color has-custom-turquoise-background-color wp-block-social-link\"><a href=\"https:\/\/www.instagram.com\/heavens.flowers.sttropez\/\" class=\"wp-block-social-link-anchor\"><svg width=\"24\" height=\"24\" viewBox=\"0 0 24 24\" version=\"1.1\" xmlns=\"http:\/\/www.w3.org\/2000\/svg\" aria-hidden=\"true\" focusable=\"false\"><path d=\"M12,4.622c2.403,0,2.688,0.009,3.637,0.052c0.877,0.04,1.354,0.187,1.671,0.31c0.42,0.163,0.72,0.358,1.035,0.673 c0.315,0.315,0.51,0.615,0.673,1.035c0.123,0.317,0.27,0.794,0.31,1.671c0.043,0.949,0.052,1.234,0.052,3.637 s-0.009,2.688-0.052,3.637c-0.04,0.877-0.187,1.354-0.31,1.671c-0.163,0.42-0.358,0.72-0.673,1.035 c-0.315,0.315-0.615,0.51-1.035,0.673c-0.317,0.123-0.794,0.27-1.671,0.31c-0.949,0.043-1.233,0.052-3.637,0.052 s-2.688-0.009-3.637-0.052c-0.877-0.04-1.354-0.187-1.671-0.31c-0.42-0.163-0.72-0.358-1.035-0.673 c-0.315-0.315-0.51-0.615-0.673-1.035c-0.123-0.317-0.27-0.794-0.31-1.671C4.631,14.688,4.622,14.403,4.622,12 s0.009-2.688,0.052-3.637c0.04-0.877,0.187-1.354,0.31-1.671c0.163-0.42,0.358-0.72,0.673-1.035 c0.315-0.315,0.615-0.51,1.035-0.673c0.317-0.123,0.794-0.27,1.671-0.31C9.312,4.631,9.597,4.622,12,4.622 M12,3 C9.556,3,9.249,3.01,8.289,3.054C7.331,3.098,6.677,3.25,6.105,3.472C5.513,3.702,5.011,4.01,4.511,4.511 c-0.5,0.5-0.808,1.002-1.038,1.594C3.25,6.677,3.098,7.331,3.054,8.289C3.01,9.249,3,9.556,3,12c0,2.444,0.01,2.751,0.054,3.711 c0.044,0.958,0.196,1.612,0.418,2.185c0.23,0.592,0.538,1.094,1.038,1.594c0.5,0.5,1.002,0.808,1.594,1.038 c0.572,0.222,1.227,0.375,2.185,0.418C9.249,20.99,9.556,21,12,21s2.751-0.01,3.711-0.054c0.958-0.044,1.612-0.196,2.185-0.418 c0.592-0.23,1.094-0.538,1.594-1.038c0.5-0.5,0.808-1.002,1.038-1.594c0.222-0.572,0.375-1.227,0.418-2.185 C20.99,14.751,21,14.444,21,12s-0.01-2.751-0.054-3.711c-0.044-0.958-0.196-1.612-0.418-2.185c-0.23-0.592-0.538-1.094-1.038-1.594 c-0.5-0.5-1.002-0.808-1.594-1.038c-0.572-0.222-1.227-0.375-2.185-0.418C14.751,3.01,14.444,3,12,3L12,3z M12,7.378 c-2.552,0-4.622,2.069-4.622,4.622S9.448,16.622,12,16.622s4.622-2.069,4.622-4.622S14.552,7.378,12,7.378z M12,15 c-1.657,0-3-1.343-3-3s1.343-3,3-3s3,1.343,3,3S13.657,15,12,15z M16.804,6.116c-0.596,0-1.08,0.484-1.08,1.08 s0.484,1.08,1.08,1.08c0.596,0,1.08-0.484,1.08-1.08S17.401,6.116,16.804,6.116z\"><\/path><\/svg><span class=\"wp-block-social-link-label screen-reader-text\">Instagram<\/span><\/a><\/li>\n\n<li style=\"color:#ffd900;background-color:#60eadc;\" class=\"wp-social-link wp-social-link-facebook has-custom-jaune-color has-custom-turquoise-background-color wp-block-social-link\"><a href=\"https:\/\/www.facebook.com\/profile.php?id=61554792453664&#038;locale=fr_FR\" class=\"wp-block-social-link-anchor\"><svg width=\"24\" height=\"24\" viewBox=\"0 0 24 24\" version=\"1.1\" xmlns=\"http:\/\/www.w3.org\/2000\/svg\" aria-hidden=\"true\" focusable=\"false\"><path d=\"M12 2C6.5 2 2 6.5 2 12c0 5 3.7 9.1 8.4 9.9v-7H7.9V12h2.5V9.8c0-2.5 1.5-3.9 3.8-3.9 1.1 0 2.2.2 2.2.2v2.5h-1.3c-1.2 0-1.6.8-1.6 1.6V12h2.8l-.4 2.9h-2.3v7C18.3 21.1 22 17 22 12c0-5.5-4.5-10-10-10z\"><\/path><\/svg><span class=\"wp-block-social-link-label screen-reader-text\">Facebook<\/span><\/a><\/li><\/ul>\n","protected":false},"excerpt":{"rendered":"<p>Vous souhaitez effectuer une commande ou avoir une proposition budg\u00e9taire pour votre \u00e9v\u00e8nement ? N&rsquo;h\u00e9sitez pas \u00e0 nous contacter par mail : heavensflowers@outlook.fr Ou sur nos r\u00e9seaux sociaux :<\/p>\n","protected":false},"author":1,"featured_media":0,"parent":0,"menu_order":0,"comment_status":"closed","ping_status":"closed","template":"","meta":{"_themeisle_gutenberg_block_has_review":false,"footnotes":""},"class_list":["post-82","page","type-page","status-publish","hentry"],"yoast_head":"<!-- This site is optimized with the Yoast SEO plugin v25.4 - https:\/\/yoast.com\/wordpress\/plugins\/seo\/ -->\n<title>Contactez-nous - Heaven&#039;s Flowers<\/title>\n<meta name=\"description\" content=\"Afin de reserver ou de commander une cr\u00e9ation en fleurs dans le golfe de Saint-Tropez , voici comment nous contacter.\" \/>\n<meta name=\"robots\" content=\"index, follow, max-snippet:-1, max-image-preview:large, max-video-preview:-1\" \/>\n<link rel=\"canonical\" href=\"https:\/\/heavensflowers.fr\/?page_id=82\" \/>\n<meta property=\"og:locale\" content=\"fr_FR\" \/>\n<meta property=\"og:type\" content=\"article\" \/>\n<meta property=\"og:title\" content=\"Contactez-nous - Heaven&#039;s Flowers\" \/>\n<meta property=\"og:description\" content=\"Afin de reserver ou de commander une cr\u00e9ation en fleurs dans le golfe de Saint-Tropez , voici comment nous contacter.\" \/>\n<meta property=\"og:url\" content=\"https:\/\/heavensflowers.fr\/?page_id=82\" \/>\n<meta property=\"og:site_name\" content=\"Heaven&#039;s Flowers\" \/>\n<meta property=\"article:modified_time\" content=\"2024-03-13T10:56:19+00:00\" \/>\n<meta name=\"twitter:card\" content=\"summary_large_image\" \/>\n<meta name=\"twitter:label1\" content=\"Dur\u00e9e de lecture estim\u00e9e\" \/>\n\t<meta name=\"twitter:data1\" content=\"1 minute\" \/>\n<script type=\"application\/ld+json\" class=\"yoast-schema-graph\">{\"@context\":\"https:\/\/schema.org\",\"@graph\":[{\"@type\":[\"WebPage\",\"ContactPage\"],\"@id\":\"https:\/\/heavensflowers.fr\/?page_id=82\",\"url\":\"https:\/\/heavensflowers.fr\/?page_id=82\",\"name\":\"Contactez-nous - Heaven&#039;s Flowers\",\"isPartOf\":{\"@id\":\"https:\/\/heavensflowers.fr\/#website\"},\"datePublished\":\"2024-01-28T15:25:50+00:00\",\"dateModified\":\"2024-03-13T10:56:19+00:00\",\"description\":\"Afin de reserver ou de commander une cr\u00e9ation en fleurs dans le golfe de Saint-Tropez , voici comment nous contacter.\",\"breadcrumb\":{\"@id\":\"https:\/\/heavensflowers.fr\/?page_id=82#breadcrumb\"},\"inLanguage\":\"fr-FR\",\"potentialAction\":[{\"@type\":\"ReadAction\",\"target\":[\"https:\/\/heavensflowers.fr\/?page_id=82\"]}]},{\"@type\":\"BreadcrumbList\",\"@id\":\"https:\/\/heavensflowers.fr\/?page_id=82#breadcrumb\",\"itemListElement\":[{\"@type\":\"ListItem\",\"position\":1,\"name\":\"Accueil\",\"item\":\"https:\/\/heavensflowers.fr\/\"},{\"@type\":\"ListItem\",\"position\":2,\"name\":\"Contactez-nous\"}]},{\"@type\":\"WebSite\",\"@id\":\"https:\/\/heavensflowers.fr\/#website\",\"url\":\"https:\/\/heavensflowers.fr\/\",\"name\":\"Heaven&#039;s Flowers\",\"description\":\"Nul besoin de vous d\u00e9placer nos venons \u00e0 vous. \",\"publisher\":{\"@id\":\"https:\/\/heavensflowers.fr\/#organization\"},\"potentialAction\":[{\"@type\":\"SearchAction\",\"target\":{\"@type\":\"EntryPoint\",\"urlTemplate\":\"https:\/\/heavensflowers.fr\/?s={search_term_string}\"},\"query-input\":{\"@type\":\"PropertyValueSpecification\",\"valueRequired\":true,\"valueName\":\"search_term_string\"}}],\"inLanguage\":\"fr-FR\"},{\"@type\":\"Organization\",\"@id\":\"https:\/\/heavensflowers.fr\/#organization\",\"name\":\"Heaven&#039;s Flowers\",\"url\":\"https:\/\/heavensflowers.fr\/\",\"logo\":{\"@type\":\"ImageObject\",\"inLanguage\":\"fr-FR\",\"@id\":\"https:\/\/heavensflowers.fr\/#\/schema\/logo\/image\/\",\"url\":\"https:\/\/heavensflowers.fr\/wp-content\/uploads\/2024\/01\/220952A0-38B2-4B8B-A450-EC442EFF3E91.jpg\",\"contentUrl\":\"https:\/\/heavensflowers.fr\/wp-content\/uploads\/2024\/01\/220952A0-38B2-4B8B-A450-EC442EFF3E91.jpg\",\"width\":1170,\"height\":1166,\"caption\":\"Heaven&#039;s Flowers\"},\"image\":{\"@id\":\"https:\/\/heavensflowers.fr\/#\/schema\/logo\/image\/\"}}]}<\/script>\n<!-- \/ Yoast SEO plugin. -->","yoast_head_json":{"title":"Contactez-nous - Heaven&#039;s Flowers","description":"Afin de reserver ou de commander une cr\u00e9ation en fleurs dans le golfe de Saint-Tropez , voici comment nous contacter.","robots":{"index":"index","follow":"follow","max-snippet":"max-snippet:-1","max-image-preview":"max-image-preview:large","max-video-preview":"max-video-preview:-1"},"canonical":"https:\/\/heavensflowers.fr\/?page_id=82","og_locale":"fr_FR","og_type":"article","og_title":"Contactez-nous - Heaven&#039;s Flowers","og_description":"Afin de reserver ou de commander une cr\u00e9ation en fleurs dans le golfe de Saint-Tropez , voici comment nous contacter.","og_url":"https:\/\/heavensflowers.fr\/?page_id=82","og_site_name":"Heaven&#039;s Flowers","article_modified_time":"2024-03-13T10:56:19+00:00","twitter_card":"summary_large_image","twitter_misc":{"Dur\u00e9e de lecture estim\u00e9e":"1 minute"},"schema":{"@context":"https:\/\/schema.org","@graph":[{"@type":["WebPage","ContactPage"],"@id":"https:\/\/heavensflowers.fr\/?page_id=82","url":"https:\/\/heavensflowers.fr\/?page_id=82","name":"Contactez-nous - Heaven&#039;s Flowers","isPartOf":{"@id":"https:\/\/heavensflowers.fr\/#website"},"datePublished":"2024-01-28T15:25:50+00:00","dateModified":"2024-03-13T10:56:19+00:00","description":"Afin de reserver ou de commander une cr\u00e9ation en fleurs dans le golfe de Saint-Tropez , voici comment nous contacter.","breadcrumb":{"@id":"https:\/\/heavensflowers.fr\/?page_id=82#breadcrumb"},"inLanguage":"fr-FR","potentialAction":[{"@type":"ReadAction","target":["https:\/\/heavensflowers.fr\/?page_id=82"]}]},{"@type":"BreadcrumbList","@id":"https:\/\/heavensflowers.fr\/?page_id=82#breadcrumb","itemListElement":[{"@type":"ListItem","position":1,"name":"Accueil","item":"https:\/\/heavensflowers.fr\/"},{"@type":"ListItem","position":2,"name":"Contactez-nous"}]},{"@type":"WebSite","@id":"https:\/\/heavensflowers.fr\/#website","url":"https:\/\/heavensflowers.fr\/","name":"Heaven&#039;s Flowers","description":"Nul besoin de vous d\u00e9placer nos venons \u00e0 vous. ","publisher":{"@id":"https:\/\/heavensflowers.fr\/#organization"},"potentialAction":[{"@type":"SearchAction","target":{"@type":"EntryPoint","urlTemplate":"https:\/\/heavensflowers.fr\/?s={search_term_string}"},"query-input":{"@type":"PropertyValueSpecification","valueRequired":true,"valueName":"search_term_string"}}],"inLanguage":"fr-FR"},{"@type":"Organization","@id":"https:\/\/heavensflowers.fr\/#organization","name":"Heaven&#039;s Flowers","url":"https:\/\/heavensflowers.fr\/","logo":{"@type":"ImageObject","inLanguage":"fr-FR","@id":"https:\/\/heavensflowers.fr\/#\/schema\/logo\/image\/","url":"https:\/\/heavensflowers.fr\/wp-content\/uploads\/2024\/01\/220952A0-38B2-4B8B-A450-EC442EFF3E91.jpg","contentUrl":"https:\/\/heavensflowers.fr\/wp-content\/uploads\/2024\/01\/220952A0-38B2-4B8B-A450-EC442EFF3E91.jpg","width":1170,"height":1166,"caption":"Heaven&#039;s Flowers"},"image":{"@id":"https:\/\/heavensflowers.fr\/#\/schema\/logo\/image\/"}}]}},"_links":{"self":[{"href":"https:\/\/heavensflowers.fr\/index.php?rest_route=\/wp\/v2\/pages\/82","targetHints":{"allow":["GET"]}}],"collection":[{"href":"https:\/\/heavensflowers.fr\/index.php?rest_route=\/wp\/v2\/pages"}],"about":[{"href":"https:\/\/heavensflowers.fr\/index.php?rest_route=\/wp\/v2\/types\/page"}],"author":[{"embeddable":true,"href":"https:\/\/heavensflowers.fr\/index.php?rest_route=\/wp\/v2\/users\/1"}],"replies":[{"embeddable":true,"href":"https:\/\/heavensflowers.fr\/index.php?rest_route=%2Fwp%2Fv2%2Fcomments&post=82"}],"version-history":[{"count":3,"href":"https:\/\/heavensflowers.fr\/index.php?rest_route=\/wp\/v2\/pages\/82\/revisions"}],"predecessor-version":[{"id":86,"href":"https:\/\/heavensflowers.fr\/index.php?rest_route=\/wp\/v2\/pages\/82\/revisions\/86"}],"wp:attachment":[{"href":"https:\/\/heavensflowers.fr\/index.php?rest_route=%2Fwp%2Fv2%2Fmedia&parent=82"}],"curies":[{"name":"wp","href":"https:\/\/api.w.org\/{rel}","templated":true}]}}